{"id":1581,"date":"2026-04-17T16:25:39","date_gmt":"2026-04-17T14:25:39","guid":{"rendered":"https:\/\/www.marine.uem.mz\/?page_id=1581"},"modified":"2026-04-22T22:24:47","modified_gmt":"2026-04-22T20:24:47","slug":"hmachaieie","status":"publish","type":"page","link":"https:\/\/www.marine.uem.mz\/index.php\/corpo-docente\/hmachaieie\/","title":{"rendered":"Helder A. MACHAIEIE"},"content":{"rendered":"\t\t<div data-elementor-type=\"wp-page\" data-elementor-id=\"1581\" class=\"elementor elementor-1581\" data-elementor-post-type=\"page\">\n\t\t\t\t<div class=\"elementor-element elementor-element-c3c0782 e-flex e-con-boxed e-con e-parent\" data-id=\"c3c0782\" data-element_type=\"container\">\n\t\t\t\t\t<div class=\"e-con-inner\">\n\t\t\t\t<div class=\"elementor-element elementor-element-1a96311 elementor-widget elementor-widget-link-in-bio-var-6\" data-id=\"1a96311\" data-element_type=\"widget\" data-widget_type=\"link-in-bio-var-6.default\">\n\t\t\t\t<div class=\"elementor-widget-container\">\n\t\t\t\t\t<div class=\"e-link-in-bio e-link-in-bio-var-6\">\n\t\t\t<div class=\"e-link-in-bio__content\">\n\n\t\t\t\t\t\t<div class=\"e-link-in-bio__identity\">\n\t\t\t\t\t\t\t\t\t<div class=\"e-link-in-bio__identity-image e-link-in-bio__identity-image-profile has-style-circle\">\n\t\t\t\t\t\t\t<img fetchpriority=\"high\" decoding=\"async\" width=\"300\" height=\"300\" src=\"https:\/\/www.marine.uem.mz\/wp-content\/uploads\/2026\/04\/hmachaieie-300x300.jpg\" class=\"e-link-in-bio__identity-image-element\" alt=\"\" srcset=\"https:\/\/www.marine.uem.mz\/wp-content\/uploads\/2026\/04\/hmachaieie-300x300.jpg 300w, https:\/\/www.marine.uem.mz\/wp-content\/uploads\/2026\/04\/hmachaieie-150x150.jpg 150w, https:\/\/www.marine.uem.mz\/wp-content\/uploads\/2026\/04\/hmachaieie.jpg 522w\" sizes=\"(max-width: 300px) 100vw, 300px\" \/>\t\t\t\t\t\t\t\t\t\t\t\t\t<\/div>\n\t\t\t\t\t\t\t<\/div>\n\t\t\t\t\t<div class=\"e-link-in-bio__bio\">\n\t\t\t\t<h2 class=\"e-link-in-bio__heading\">Helder MACHAIEIE<\/h2>\t\t\t\t<h3 class=\"e-link-in-bio__title\">Professor Auxiliar<\/h3>\t\t\t\t\t\t\t\t\t\t\t<\/div>\n\t\t\t\t\t<div class=\"e-link-in-bio__icons has-size-small\">\n\t\t\t\t\t\t\t<div class=\"e-link-in-bio__icon is-size-small\">\n\t\t\t\t\t<a aria-label=\"Email\" class=\"e-link-in-bio__icon-link\" href=\"mailto:machaielder@gmail.com\">\n\t\t\t\t\t\t<span class=\"e-link-in-bio__icon-svg\">\n\t\t\t\t\t\t\t<svg aria-hidden=\"true\" class=\"e-font-icon-svg e-fas-envelope\" viewBox=\"0 0 512 512\" xmlns=\"http:\/\/www.w3.org\/2000\/svg\"><path d=\"M502.3 190.8c3.9-3.1 9.7-.2 9.7 4.7V400c0 26.5-21.5 48-48 48H48c-26.5 0-48-21.5-48-48V195.6c0-5 5.7-7.8 9.7-4.7 22.4 17.4 52.1 39.5 154.1 113.6 21.1 15.4 56.7 47.8 92.2 47.6 35.7.3 72-32.8 92.3-47.6 102-74.1 131.6-96.3 154-113.7zM256 320c23.2.4 56.6-29.2 73.4-41.4 132.7-96.3 142.8-104.7 173.4-128.7 5.8-4.5 9.2-11.5 9.2-18.9v-19c0-26.5-21.5-48-48-48H48C21.5 64 0 85.5 0 112v19c0 7.4 3.4 14.3 9.2 18.9 30.6 23.9 40.7 32.4 173.4 128.7 16.8 12.2 50.2 41.8 73.4 41.4z\"><\/path><\/svg>\t\t\t\t\t\t<\/span>\n\t\t\t\t\t\t\t\t\t\t\t<\/a>\n\t\t\t\t<\/div>\n\t\t\t\t\t\t\t<div class=\"e-link-in-bio__icon is-size-small\">\n\t\t\t\t\t<a aria-label=\"Telephone\" class=\"e-link-in-bio__icon-link\" href=\"tel:+258867939346\">\n\t\t\t\t\t\t<span class=\"e-link-in-bio__icon-svg\">\n\t\t\t\t\t\t\t<svg aria-hidden=\"true\" class=\"e-font-icon-svg e-fas-phone-alt\" viewBox=\"0 0 512 512\" xmlns=\"http:\/\/www.w3.org\/2000\/svg\"><path d=\"M497.39 361.8l-112-48a24 24 0 0 0-28 6.9l-49.6 60.6A370.66 370.66 0 0 1 130.6 204.11l60.6-49.6a23.94 23.94 0 0 0 6.9-28l-48-112A24.16 24.16 0 0 0 122.6.61l-104 24A24 24 0 0 0 0 48c0 256.5 207.9 464 464 464a24 24 0 0 0 23.4-18.6l24-104a24.29 24.29 0 0 0-14.01-27.6z\"><\/path><\/svg>\t\t\t\t\t\t<\/span>\n\t\t\t\t\t\t\t\t\t\t\t<\/a>\n\t\t\t\t<\/div>\n\t\t\t\t\t\t\t<div class=\"e-link-in-bio__icon is-size-small\">\n\t\t\t\t\t<a href=\"http:\/\/linkedin.com\/in\/helder-mchaieie-0b43b360\" target=\"_blank\" rel=\"noopener \" aria-label=\"LinkedIn\" class=\"e-link-in-bio__icon-link\">\n\t\t\t\t\t\t<span class=\"e-link-in-bio__icon-svg\">\n\t\t\t\t\t\t\t<svg aria-hidden=\"true\" class=\"e-font-icon-svg e-fab-linkedin-in\" viewBox=\"0 0 448 512\" xmlns=\"http:\/\/www.w3.org\/2000\/svg\"><path d=\"M100.28 448H7.4V148.9h92.88zM53.79 108.1C24.09 108.1 0 83.5 0 53.8a53.79 53.79 0 0 1 107.58 0c0 29.7-24.1 54.3-53.79 54.3zM447.9 448h-92.68V302.4c0-34.7-.7-79.2-48.29-79.2-48.29 0-55.69 37.7-55.69 76.7V448h-92.78V148.9h89.08v40.8h1.3c12.4-23.5 42.69-48.3 87.88-48.3 94 0 111.28 61.9 111.28 142.3V448z\"><\/path><\/svg>\t\t\t\t\t\t<\/span>\n\t\t\t\t\t\t\t\t\t\t\t<\/a>\n\t\t\t\t<\/div>\n\t\t\t\t\t<\/div>\n\t\t\n\t\t<div class=\"e-link-in-bio__image-links has-1-columns\">\n\t\t\t\t\t\t\t<a target=\"_blank\" rel=\"noopener \" class=\"e-link-in-bio__image-links-link\" href=\"\">\n\t\t\t\t\t\t\t\t\t\t\t<img decoding=\"async\" alt=\"\" class=\"e-link-in-bio__image-links-img\" src=\"\" \/>\n\t\t\t\t\t\t\t\t\t<\/a>\n\t\t\t\t\t<\/div>\n\t\t\n\t\t\t<\/div>\n\t\t\t<div class=\"e-link-in-bio__bg\">\n\t\t\t\t<div class=\"e-link-in-bio__bg-overlay\"><\/div>\n\t\t\t<\/div>\n\t\t<\/div>\n\t\t\t\t<\/div>\n\t\t\t\t<\/div>\n\t\t\t\t\t<\/div>\n\t\t\t\t<\/div>\n\t\t<div class=\"elementor-element elementor-element-b6425ca e-flex e-con-boxed e-con e-parent\" data-id=\"b6425ca\" data-element_type=\"container\">\n\t\t\t\t\t<div class=\"e-con-inner\">\n\t\t\t\t<div class=\"elementor-element elementor-element-adf3d8e elementor-widget elementor-widget-text-editor\" data-id=\"adf3d8e\" data-element_type=\"widget\" data-widget_type=\"text-editor.default\">\n\t\t\t\t<div class=\"elementor-widget-container\">\n\t\t\t<style>\/*! elementor - v3.23.0 - 05-08-2024 *\/\n.elementor-widget-text-editor.elementor-drop-cap-view-stacked .elementor-drop-cap{background-color:#69727d;color:#fff}.elementor-widget-text-editor.elementor-drop-cap-view-framed .elementor-drop-cap{color:#69727d;border:3px solid;background-color:transparent}.elementor-widget-text-editor:not(.elementor-drop-cap-view-default) .elementor-drop-cap{margin-top:8px}.elementor-widget-text-editor:not(.elementor-drop-cap-view-default) .elementor-drop-cap-letter{width:1em;height:1em}.elementor-widget-text-editor .elementor-drop-cap{float:left;text-align:center;line-height:1;font-size:50px}.elementor-widget-text-editor .elementor-drop-cap-letter{display:inline-block}<\/style>\t\t\t\t<p style=\"text-align: justify;\">Helder Machaieie \u00e9 Docente e Investigador (Professor Auxiliar) na Escola Superior de Ci\u00eancias Marinhas e Costeiras da Universidade Eduardo Mondlane, onde contribui para o ensino e a investiga\u00e7\u00e3o nas \u00e1reas de oceanografia e geologia marinha. Os seus interesses cient\u00edficos abrangem a oceanografia costeira, processos costeiros, clima e variabilidade clim\u00e1tica, bem como hidrologia, refletindo uma abordagem ampla e integradora para compreender os sistemas marinhos e costeiros.\u00a0Para al\u00e9m das suas responsabilidades acad\u00e9micas, Helder desempenha um papel relevante na gest\u00e3o e lideran\u00e7a institucional. Atualmente exerce fun\u00e7\u00f5es como Diretor-Adjunto para Gradua\u00e7\u00e3o, tendo anteriormente ocupado os cargos de Chefe do Departamento de Ci\u00eancias Marinhas e de Coordenador do Comit\u00e9 Cient\u00edfico da Escola.<\/p>\t\t\t\t\t\t<\/div>\n\t\t\t\t<\/div>\n\t\t\t\t<div class=\"elementor-element elementor-element-90e50d4 elementor-widget elementor-widget-toggle\" data-id=\"90e50d4\" data-element_type=\"widget\" data-widget_type=\"toggle.default\">\n\t\t\t\t<div class=\"elementor-widget-container\">\n\t\t\t<style>\/*! elementor - v3.23.0 - 05-08-2024 *\/\n.elementor-toggle{text-align:start}.elementor-toggle .elementor-tab-title{font-weight:700;line-height:1;margin:0;padding:15px;border-bottom:1px solid #d5d8dc;cursor:pointer;outline:none}.elementor-toggle .elementor-tab-title .elementor-toggle-icon{display:inline-block;width:1em}.elementor-toggle .elementor-tab-title .elementor-toggle-icon svg{margin-inline-start:-5px;width:1em;height:1em}.elementor-toggle .elementor-tab-title .elementor-toggle-icon.elementor-toggle-icon-right{float:right;text-align:right}.elementor-toggle .elementor-tab-title .elementor-toggle-icon.elementor-toggle-icon-left{float:left;text-align:left}.elementor-toggle .elementor-tab-title .elementor-toggle-icon .elementor-toggle-icon-closed{display:block}.elementor-toggle .elementor-tab-title .elementor-toggle-icon .elementor-toggle-icon-opened{display:none}.elementor-toggle .elementor-tab-title.elementor-active{border-bottom:none}.elementor-toggle .elementor-tab-title.elementor-active .elementor-toggle-icon-closed{display:none}.elementor-toggle .elementor-tab-title.elementor-active .elementor-toggle-icon-opened{display:block}.elementor-toggle .elementor-tab-content{padding:15px;border-bottom:1px solid #d5d8dc;display:none}@media (max-width:767px){.elementor-toggle .elementor-tab-title{padding:12px}.elementor-toggle .elementor-tab-content{padding:12px 10px}}.e-con-inner>.elementor-widget-toggle,.e-con>.elementor-widget-toggle{width:var(--container-widget-width);--flex-grow:var(--container-widget-flex-grow)}<\/style>\t\t<div class=\"elementor-toggle\">\n\t\t\t\t\t\t\t<div class=\"elementor-toggle-item\">\n\t\t\t\t\t<div id=\"elementor-tab-title-1511\" class=\"elementor-tab-title\" data-tab=\"1\" role=\"button\" aria-controls=\"elementor-tab-content-1511\" aria-expanded=\"false\">\n\t\t\t\t\t\t\t\t\t\t\t\t<span class=\"elementor-toggle-icon elementor-toggle-icon-left\" aria-hidden=\"true\">\n\t\t\t\t\t\t\t\t\t\t\t\t\t\t\t<span class=\"elementor-toggle-icon-closed\"><svg class=\"e-font-icon-svg e-fas-caret-right\" viewBox=\"0 0 192 512\" xmlns=\"http:\/\/www.w3.org\/2000\/svg\"><path d=\"M0 384.662V127.338c0-17.818 21.543-26.741 34.142-14.142l128.662 128.662c7.81 7.81 7.81 20.474 0 28.284L34.142 398.804C21.543 411.404 0 402.48 0 384.662z\"><\/path><\/svg><\/span>\n\t\t\t\t\t\t\t\t<span class=\"elementor-toggle-icon-opened\"><svg class=\"elementor-toggle-icon-opened e-font-icon-svg e-fas-caret-up\" viewBox=\"0 0 320 512\" xmlns=\"http:\/\/www.w3.org\/2000\/svg\"><path d=\"M288.662 352H31.338c-17.818 0-26.741-21.543-14.142-34.142l128.662-128.662c7.81-7.81 20.474-7.81 28.284 0l128.662 128.662c12.6 12.599 3.676 34.142-14.142 34.142z\"><\/path><\/svg><\/span>\n\t\t\t\t\t\t\t\t\t\t\t\t\t<\/span>\n\t\t\t\t\t\t\t\t\t\t\t\t<a class=\"elementor-toggle-title\" tabindex=\"0\">Qualifica\u00e7\u00f5es<\/a>\n\t\t\t\t\t<\/div>\n\n\t\t\t\t\t<div id=\"elementor-tab-content-1511\" class=\"elementor-tab-content elementor-clearfix\" data-tab=\"1\" role=\"region\" aria-labelledby=\"elementor-tab-title-1511\"><ul><li><p><strong>PhD in Ocean and Earth Dynamics<\/strong> \u2013 Fluminense Federal University, Niter\u00f3i, Rio de Janeiro, Brazil (2014-2018)<\/p><\/li><li><p><strong style=\"font-size: 16px;\">Master\u2019s in Applied Oceanography<\/strong><span style=\"font-size: 16px;\"> \u2013 School of Marine and Coastal Sciences, Eduardo Mondlane University (<strong style=\"font-size: 16px;\">2010-2012<\/strong>)<\/span><\/p><\/li><li><p><strong>Bachelor\u2019s in Oceanography<\/strong> \u2013 School of Marine and Coastal Sciences, Eduardo Mondlane University (2006-2009)<\/p><\/li><\/ul><\/div>\n\t\t\t\t<\/div>\n\t\t\t\t\t\t\t<div class=\"elementor-toggle-item\">\n\t\t\t\t\t<div id=\"elementor-tab-title-1512\" class=\"elementor-tab-title\" data-tab=\"2\" role=\"button\" aria-controls=\"elementor-tab-content-1512\" aria-expanded=\"false\">\n\t\t\t\t\t\t\t\t\t\t\t\t<span class=\"elementor-toggle-icon elementor-toggle-icon-left\" aria-hidden=\"true\">\n\t\t\t\t\t\t\t\t\t\t\t\t\t\t\t<span class=\"elementor-toggle-icon-closed\"><svg class=\"e-font-icon-svg e-fas-caret-right\" viewBox=\"0 0 192 512\" xmlns=\"http:\/\/www.w3.org\/2000\/svg\"><path d=\"M0 384.662V127.338c0-17.818 21.543-26.741 34.142-14.142l128.662 128.662c7.81 7.81 7.81 20.474 0 28.284L34.142 398.804C21.543 411.404 0 402.48 0 384.662z\"><\/path><\/svg><\/span>\n\t\t\t\t\t\t\t\t<span class=\"elementor-toggle-icon-opened\"><svg class=\"elementor-toggle-icon-opened e-font-icon-svg e-fas-caret-up\" viewBox=\"0 0 320 512\" xmlns=\"http:\/\/www.w3.org\/2000\/svg\"><path d=\"M288.662 352H31.338c-17.818 0-26.741-21.543-14.142-34.142l128.662-128.662c7.81-7.81 20.474-7.81 28.284 0l128.662 128.662c12.6 12.599 3.676 34.142-14.142 34.142z\"><\/path><\/svg><\/span>\n\t\t\t\t\t\t\t\t\t\t\t\t\t<\/span>\n\t\t\t\t\t\t\t\t\t\t\t\t<a class=\"elementor-toggle-title\" tabindex=\"0\">Interesses Cient\u00edficos<\/a>\n\t\t\t\t\t<\/div>\n\n\t\t\t\t\t<div id=\"elementor-tab-content-1512\" class=\"elementor-tab-content elementor-clearfix\" data-tab=\"2\" role=\"region\" aria-labelledby=\"elementor-tab-title-1512\"><ul><li>Coastal Oceanography<\/li><li>Water Color Remote Sensing<\/li><li>Digital Image Processing<\/li><li>Geographic Information Systems (GIS)<\/li><li>Application of Remote Sensing in Coastal Ecosystem Monitoring<\/li><li>Hydrology<\/li><li>Climatology<\/li><li>Climate Change<\/li><li>Paleoceanography<\/li><\/ul><\/div>\n\t\t\t\t<\/div>\n\t\t\t\t\t\t\t<div class=\"elementor-toggle-item\">\n\t\t\t\t\t<div id=\"elementor-tab-title-1513\" class=\"elementor-tab-title\" data-tab=\"3\" role=\"button\" aria-controls=\"elementor-tab-content-1513\" aria-expanded=\"false\">\n\t\t\t\t\t\t\t\t\t\t\t\t<span class=\"elementor-toggle-icon elementor-toggle-icon-left\" aria-hidden=\"true\">\n\t\t\t\t\t\t\t\t\t\t\t\t\t\t\t<span class=\"elementor-toggle-icon-closed\"><svg class=\"e-font-icon-svg e-fas-caret-right\" viewBox=\"0 0 192 512\" xmlns=\"http:\/\/www.w3.org\/2000\/svg\"><path d=\"M0 384.662V127.338c0-17.818 21.543-26.741 34.142-14.142l128.662 128.662c7.81 7.81 7.81 20.474 0 28.284L34.142 398.804C21.543 411.404 0 402.48 0 384.662z\"><\/path><\/svg><\/span>\n\t\t\t\t\t\t\t\t<span class=\"elementor-toggle-icon-opened\"><svg class=\"elementor-toggle-icon-opened e-font-icon-svg e-fas-caret-up\" viewBox=\"0 0 320 512\" xmlns=\"http:\/\/www.w3.org\/2000\/svg\"><path d=\"M288.662 352H31.338c-17.818 0-26.741-21.543-14.142-34.142l128.662-128.662c7.81-7.81 20.474-7.81 28.284 0l128.662 128.662c12.6 12.599 3.676 34.142-14.142 34.142z\"><\/path><\/svg><\/span>\n\t\t\t\t\t\t\t\t\t\t\t\t\t<\/span>\n\t\t\t\t\t\t\t\t\t\t\t\t<a class=\"elementor-toggle-title\" tabindex=\"0\">Publica\u00e7\u00f5es<\/a>\n\t\t\t\t\t<\/div>\n\n\t\t\t\t\t<div id=\"elementor-tab-content-1513\" class=\"elementor-tab-content elementor-clearfix\" data-tab=\"3\" role=\"region\" aria-labelledby=\"elementor-tab-title-1513\"><h4>2026<\/h4><ul><li>Cossa N, <strong>Machaieie HA<\/strong>, Nataniel A, Maoze D and Lebrato M . (2026). Climate driven ocean warming and productivity may reshape the future of tropical tuna f isheries. Front. Mar. Sci. 13:1693205. doi: 10.3389\/fmars.2026.1693205<\/li><\/ul><h4>2025<\/h4><ul><li>Vilanculo, O. L. A. <strong style=\"font-size: 16px;\">Machaieie, H. A. (2025). <\/strong><span style=\"font-size: 16px;\">Determination of Coastal Erosion Rate from Multitemporal Landsat Data at Barra Beach, Southern Mozambique. Revista Brasileira de Geomorfologia . 26(4). http:\/\/dx.doi.org\/10.20502\/rbg.v26i4.2677<\/span><\/li><li><strong>Vilanculo, O. L. A. C., Bouene, K. M., Machaieie, H. A. (2025).<\/strong> Classifica\u00e7\u00e3o supervisionada aprimorada para mapeamento da floresta de mangue a partir de imagens de sat\u00e9lite Landsat 8. <em>Revista Brasileira de Sensoriamento Remoto<\/em>, <em>6<\/em>(1), 14\u201324. DOI: <a href=\"https:\/\/zenodo.org\/records\/16338669\">https:\/\/zenodo.org\/records\/16338669<\/a><\/li><\/ul><h4>2024<\/h4><ul><li>Hoguane, C.A; Mativane, J. Da Cruz, N; <strong>Machaieie, H. A.<\/strong> (2024). Understanding sedimentary dynamics and bottom sediment characteristics in Bons Sinais Estuary \u2013 Mozambique: Insights from statistical analysis and Pejrup diagram. Estuarine Management and Technologies, 1(1): 7\u201318. DOI:<a href=\"https:\/\/doi.org\/10.3897\/emt.1.121901\"><u> https:\/\/doi.org\/10.3897\/emt.1.121901<\/u><\/a><\/li><\/ul><h4>2022<\/h4><ul><li><strong>Machaieie, H. A;<\/strong> Nehama, F. P. J; Silva, C. G; de Oliveira, E. N. (2022). <a href=\"https:\/\/doi.org\/10.3389\/fmars.2022.897429\"><em>Satellite assessment of coastal plume variability and its relation to environmental variables in the Sofala Bank<\/em><\/a>. Frontiers in\u00a0Marine Science, 9:897429.<\/li><li>Langa, A. A., <strong>Machaieie, H. A<\/strong>. 2022. <a href=\"https:\/\/doi.org\/10.24221\/jeap.7.01.2022.3627.001-008\"><em>Reconstru\u00e7\u00e3o da paleoprodutividade e sua rela\u00e7\u00e3o com as contribui\u00e7\u00f5es continentais no estu\u00e1rio de Macuse, Centro de Mo\u00e7ambique<\/em>.<\/a> Journal of Environmental Analysis and Progress v. 7 N. n<u><sup>o<\/sup><\/u> 1, p.1-8.\u00a0<\/li><\/ul><h4>2021<\/h4><ul><li>Nhatsave, G. V., <strong>Machaieie, H. A<\/strong>. (2021). <em>An\u00e1lise Comparativa da Distribui\u00e7\u00e3o Dos Sedimentos Em Duas Praias Da Prov\u00edncia Da Zamb\u00e9zia, Mo\u00e7ambique<\/em>. Revista Brasileira de Geomorfologia, 22, n<u><sup>o<\/sup><\/u> 3, p.475-487.<\/li><\/ul><h4>2020<\/h4><ul><li><strong>Machaieie, H. A<\/strong>., Silva, C. G., de Oliveira, E. N., J\u00fanior, H. I. T., de Almeida, H. A. 2020. <a href=\"http:\/\/www.doi.org\/4236\/gep.2020.87001\"><em>Variability and Trends of Precipitation in Quelimane, Central Mozambique, and their Relation to El Ni\u00f1o Southern Oscillation<\/em>.<\/a> Journal of Geoscience and Environmental Protection, v.8, p.1-16.\u00a0<\/li><\/ul><h4>2018<\/h4><ul><li><strong style=\"font-size: 16px;\">Machaieie, H. A<\/strong><span style=\"font-size: 16px;\">. (2018). Assessment of spatial and temporal variability of satellite-estimated suspended sediment and chlorophyll over Sofala Bank, Mozambique, and their relation to environmental variables- Doctorate Thesis in Ocean and Earth Dynamics, Fluminense Federal University, Rio de Janeiro, Brazil.<\/span><strong style=\"font-size: 16px;\">\u00a0<\/strong><\/li><\/ul><h4>2017<\/h4><ul><li><strong>Machaieie, H. M<\/strong>; Cruz, C. B. M; de Barros, R. S; Silva, C. G; de Oliveira, E. N. (2017). <em>An\u00e1lise comparativa da efici\u00eancia na corre\u00e7\u00e3o atmosf\u00e9rica dos m\u00f3dulos ATCOR, DOS e solu\u00e7\u00e3o USGS nas imagens TM-Landsat 5 e OLI-Landsat 8<\/em>. In Anais do XVIII Simp\u00f3sio Brasileiro de Sensoriamento Remoto, Santos, SP, Brazil.Dispon\u00edvel em: <a href=\"https:\/\/proceedings.science\/sbsr\/trabalhos\/analise-comparativa-da-eficiencia-na-correcao-atmosferica-dos-modulos-atcor-dos?lang=pt-br\">https:\/\/proceedings.science\/sbsr\/trabalhos\/analise-comparativa-da-eficiencia-na-correcao-atmosferica-dos-modulos-atcor-dos?lang=pt-br<\/a><\/li><\/ul><h4>2015<\/h4><ul><li>Nehama, F. P. J; Lemos, M. A; <strong>Machaieie, H. A<\/strong>. 2015. <em><a href=\"http:\/\/www.doi.org\/5894\/rgci560\">Water mass characteristics in a shallow bank highly influenced by river discharges: the Sofala Bank in Mozambique<\/a>.<\/em> Journal of Integrated Coastal Zone Management, vol.15, no. 4, p. 523-532.\u00a0<\/li><\/ul><h4>2012<\/h4><ul><li><strong>Machaieie, H. A<\/strong>. 2012. Waters Masses, Circulation, Estratification and Fronts in Sofala Bank-Master Thesis in Applied Oceanography, School of Marine and Coastal Sciences, Eduardo Mondlane University, Mozambique<\/li><\/ul><h4>2009<\/h4><ul><li><strong>Machaieie, H. A<\/strong>. 2009. Varia\u00e7\u00e3o Sazonal e Inter-anual do Upwelling nas Ilhas Primeiras e Segundas- Honors project, School of Marine and Coastal Sciences, Eduardo Mondlane University, Mozambique.<\/li><\/ul><\/div>\n\t\t\t\t<\/div>\n\t\t\t\t\t\t\t\t<\/div>\n\t\t\t\t<\/div>\n\t\t\t\t<\/div>\n\t\t\t\t\t<\/div>\n\t\t\t\t<\/div>\n\t\t\t\t<\/div>\n\t\t","protected":false},"excerpt":{"rendered":"<p>Helder MACHAIEIE Professor Auxiliar Helder Machaieie \u00e9 Docente e Investigador (Professor Auxiliar) na Escola Superior de Ci\u00eancias Marinhas e Costeiras [&hellip;]<\/p>\n","protected":false},"author":5,"featured_media":0,"parent":506,"menu_order":0,"comment_status":"closed","ping_status":"closed","template":"","meta":{"site-sidebar-layout":"no-sidebar","site-content-layout":"","ast-site-content-layout":"full-width-container","site-content-style":"default","site-sidebar-style":"default","ast-global-header-display":"","ast-banner-title-visibility":"","ast-main-header-display":"","ast-hfb-above-header-display":"","ast-hfb-below-header-display":"","ast-hfb-mobile-header-display":"","site-post-title":"disabled","ast-breadcrumbs-content":"","ast-featured-img":"disabled","footer-sml-layout":"","theme-transparent-header-meta":"","adv-header-id-meta":"","stick-header-meta":"","header-above-stick-meta":"","header-main-stick-meta":"","header-below-stick-meta":"","astra-migrate-meta-layouts":"default","ast-page-background-enabled":"default","ast-page-background-meta":{"desktop":{"background-color":"var(--ast-global-color-4)","background-image":"","background-repeat":"repeat","background-position":"center center","background-size":"auto","background-attachment":"scroll","background-type":"","background-media":"","overlay-type":"","overlay-color":"","overlay-opacity":"","overlay-gradient":""},"tablet":{"background-color":"","background-image":"","background-repeat":"repeat","background-position":"center center","background-size":"auto","background-attachment":"scroll","background-type":"","background-media":"","overlay-type":"","overlay-color":"","overlay-opacity":"","overlay-gradient":""},"mobile":{"background-color":"","background-image":"","background-repeat":"repeat","background-position":"center center","background-size":"auto","background-attachment":"scroll","background-type":"","background-media":"","overlay-type":"","overlay-color":"","overlay-opacity":"","overlay-gradient":""}},"ast-content-background-meta":{"desktop":{"background-color":"var(--ast-global-color-5)","background-image":"","background-repeat":"repeat","background-position":"center center","background-size":"auto","background-attachment":"scroll","background-type":"","background-media":"","overlay-type":"","overlay-color":"","overlay-opacity":"","overlay-gradient":""},"tablet":{"background-color":"var(--ast-global-color-5)","background-image":"","background-repeat":"repeat","background-position":"center center","background-size":"auto","background-attachment":"scroll","background-type":"","background-media":"","overlay-type":"","overlay-color":"","overlay-opacity":"","overlay-gradient":""},"mobile":{"background-color":"var(--ast-global-color-5)","background-image":"","background-repeat":"repeat","background-position":"center center","background-size":"auto","background-attachment":"scroll","background-type":"","background-media":"","overlay-type":"","overlay-color":"","overlay-opacity":"","overlay-gradient":""}},"footnotes":""},"class_list":["post-1581","page","type-page","status-publish","hentry"],"_links":{"self":[{"href":"https:\/\/www.marine.uem.mz\/index.php\/wp-json\/wp\/v2\/pages\/1581","targetHints":{"allow":["GET"]}}],"collection":[{"href":"https:\/\/www.marine.uem.mz\/index.php\/wp-json\/wp\/v2\/pages"}],"about":[{"href":"https:\/\/www.marine.uem.mz\/index.php\/wp-json\/wp\/v2\/types\/page"}],"author":[{"embeddable":true,"href":"https:\/\/www.marine.uem.mz\/index.php\/wp-json\/wp\/v2\/users\/5"}],"replies":[{"embeddable":true,"href":"https:\/\/www.marine.uem.mz\/index.php\/wp-json\/wp\/v2\/comments?post=1581"}],"version-history":[{"count":10,"href":"https:\/\/www.marine.uem.mz\/index.php\/wp-json\/wp\/v2\/pages\/1581\/revisions"}],"predecessor-version":[{"id":1599,"href":"https:\/\/www.marine.uem.mz\/index.php\/wp-json\/wp\/v2\/pages\/1581\/revisions\/1599"}],"up":[{"embeddable":true,"href":"https:\/\/www.marine.uem.mz\/index.php\/wp-json\/wp\/v2\/pages\/506"}],"wp:attachment":[{"href":"https:\/\/www.marine.uem.mz\/index.php\/wp-json\/wp\/v2\/media?parent=1581"}],"curies":[{"name":"wp","href":"https:\/\/api.w.org\/{rel}","templated":true}]}}