{"id":206,"date":"2024-09-07T19:12:35","date_gmt":"2024-09-07T19:12:35","guid":{"rendered":"http:\/\/localhost\/eshti\/?page_id=206"},"modified":"2025-07-15T13:22:20","modified_gmt":"2025-07-15T11:22:20","slug":"historial-da-escmc","status":"publish","type":"page","link":"https:\/\/www.marine.uem.mz\/index.php\/historial-da-escmc\/","title":{"rendered":"Historial da ESCMC"},"content":{"rendered":"<p>A <strong>Escola Superior de Ci\u00eancias Marinhas e Costeiras (ESCMC)<\/strong> foi estabelecida em 2006, e iniciou o seu funcionamento com os cursos de licenciatura em <strong>Biologia Marinha<\/strong> e <strong>Oceanografia<\/strong>. Em 2009 foi introduzido o curso de <strong>Qu\u00edmica Marinha<\/strong>, perfazendo um total de tr\u00eas cursos. E, em 2014 foi introduzido o curso de <strong>Geologia Marinha<\/strong>, totalizando 4 cursos de licenciatura. As actividades da Escola s\u00e3o orientadas no \u00e2mbito do plano estrat\u00e9gico da C\u00e1tedra da UNESCO de Ci\u00eancias Marinhas e Oceanografia.<\/p>\n<p>A introdu\u00e7\u00e3o desses cursos foi com intuito de fazer uma an\u00e1lise completa dos processos que ocorrem em ambientes marinhos e costeiros, fazendo a combina\u00e7\u00e3o de pelo menos duas ou tr\u00eas \u00e1reas cient\u00edficas. De entre v\u00e1rias disciplinas do dom\u00ednio das ci\u00eancias naturais, destacam-se os ramos da F\u00edsica, Qu\u00edmica, Geologia e Biologia para o estudo dos oceanos e todos os subsistemas a eles associados<\/p>\n<p>Estudos sobre as ci\u00eancias do mar e costeiras tornam-se importantes, n\u00e3o s\u00f3 do ponto de vista inteiramente cient\u00edfico como tamb\u00e9m devido \u00e0 sua relev\u00e2ncia de \u00e2mbito social, econ\u00f3mica, pol\u00edtica e actualmente de gest\u00e3o.<\/p>\n<p>Assim, os graduados da ESCMC-UEM estar\u00e3o aptos para intervir em v\u00e1rios n\u00edveis de execu\u00e7\u00e3o e de tomada de decis\u00e3o, nos sectores de desenvolvimento que actuam na explora\u00e7\u00e3o da costa, tais como as \u00e1reas da pesca, aquacultura, turismo, agricultura, transportes e comunica\u00e7\u00e3o e ainda do ambiente. Poder\u00e3o tamb\u00e9m, intervir como promotores de desenvolvimento, agentes econ\u00f3micos, conselheiros e agentes activos na formula\u00e7\u00e3o de pareceres sobre pol\u00edticas e legisla\u00e7\u00e3o adequadas para o uso e explora\u00e7\u00e3o dos recursos marinhos e costeiros.<\/p>\n<p>\t\t\t<a href=\"https:\/\/www.marine.uem.mz\/index.php\/contactos\/\"><br \/>\n\t\t\t\t\t\t\t\t\tContactos<br \/>\n\t\t\t\t\t<\/a><\/p>\n","protected":false},"excerpt":{"rendered":"<p>A Escola Superior de Ci\u00eancias Marinhas e Costeiras (ESCMC) foi estabelecida em 2006, e iniciou o seu funcionamento com os [&hellip;]<\/p>\n","protected":false},"author":1,"featured_media":0,"parent":0,"menu_order":0,"comment_status":"closed","ping_status":"closed","template":"","meta":{"site-sidebar-layout":"no-sidebar","site-content-layout":"","ast-site-content-layout":"full-width-container","site-content-style":"default","site-sidebar-style":"default","ast-global-header-display":"","ast-banner-title-visibility":"","ast-main-header-display":"","ast-hfb-above-header-display":"","ast-hfb-below-header-display":"","ast-hfb-mobile-header-display":"","site-post-title":"disabled","ast-breadcrumbs-content":"","ast-featured-img":"disabled","footer-sml-layout":"","theme-transparent-header-meta":"","adv-header-id-meta":"","stick-header-meta":"","header-above-stick-meta":"","header-main-stick-meta":"","header-below-stick-meta":"","astra-migrate-meta-layouts":"default","ast-page-background-enabled":"default","ast-page-background-meta":{"desktop":{"background-color":"var(--ast-global-color-4)","background-image":"","background-repeat":"repeat","background-position":"center center","background-size":"auto","background-attachment":"scroll","background-type":"","background-media":"","overlay-type":"","overlay-color":"","overlay-opacity":"","overlay-gradient":""},"tablet":{"background-color":"","background-image":"","background-repeat":"repeat","background-position":"center center","background-size":"auto","background-attachment":"scroll","background-type":"","background-media":"","overlay-type":"","overlay-color":"","overlay-opacity":"","overlay-gradient":""},"mobile":{"background-color":"","background-image":"","background-repeat":"repeat","background-position":"center center","background-size":"auto","background-attachment":"scroll","background-type":"","background-media":"","overlay-type":"","overlay-color":"","overlay-opacity":"","overlay-gradient":""}},"ast-content-background-meta":{"desktop":{"background-color":"var(--ast-global-color-5)","background-image":"","background-repeat":"repeat","background-position":"center center","background-size":"auto","background-attachment":"scroll","background-type":"","background-media":"","overlay-type":"","overlay-color":"","overlay-opacity":"","overlay-gradient":""},"tablet":{"background-color":"var(--ast-global-color-5)","background-image":"","background-repeat":"repeat","background-position":"center center","background-size":"auto","background-attachment":"scroll","background-type":"","background-media":"","overlay-type":"","overlay-color":"","overlay-opacity":"","overlay-gradient":""},"mobile":{"background-color":"var(--ast-global-color-5)","background-image":"","background-repeat":"repeat","background-position":"center center","background-size":"auto","background-attachment":"scroll","background-type":"","background-media":"","overlay-type":"","overlay-color":"","overlay-opacity":"","overlay-gradient":""}},"footnotes":""},"class_list":["post-206","page","type-page","status-publish","hentry"],"_links":{"self":[{"href":"https:\/\/www.marine.uem.mz\/index.php\/wp-json\/wp\/v2\/pages\/206","targetHints":{"allow":["GET"]}}],"collection":[{"href":"https:\/\/www.marine.uem.mz\/index.php\/wp-json\/wp\/v2\/pages"}],"about":[{"href":"https:\/\/www.marine.uem.mz\/index.php\/wp-json\/wp\/v2\/types\/page"}],"author":[{"embeddable":true,"href":"https:\/\/www.marine.uem.mz\/index.php\/wp-json\/wp\/v2\/users\/1"}],"replies":[{"embeddable":true,"href":"https:\/\/www.marine.uem.mz\/index.php\/wp-json\/wp\/v2\/comments?post=206"}],"version-history":[{"count":38,"href":"https:\/\/www.marine.uem.mz\/index.php\/wp-json\/wp\/v2\/pages\/206\/revisions"}],"predecessor-version":[{"id":909,"href":"https:\/\/www.marine.uem.mz\/index.php\/wp-json\/wp\/v2\/pages\/206\/revisions\/909"}],"wp:attachment":[{"href":"https:\/\/www.marine.uem.mz\/index.php\/wp-json\/wp\/v2\/media?parent=206"}],"curies":[{"name":"wp","href":"https:\/\/api.w.org\/{rel}","templated":true}]}}