{"id":619,"date":"2024-09-08T15:55:01","date_gmt":"2024-09-08T15:55:01","guid":{"rendered":"https:\/\/blogs.uem.mz\/?page_id=619"},"modified":"2026-04-17T09:49:32","modified_gmt":"2026-04-17T07:49:32","slug":"publicacoes","status":"publish","type":"page","link":"https:\/\/www.marine.uem.mz\/index.php\/publicacoes\/","title":{"rendered":"Publica\u00e7\u00f5es"},"content":{"rendered":"\n<p><style wfd-invisible=\"true\">\/*! elementor - v3.23.0 - 05-08-2024 *\/&amp;lt;br \/> .elementor-heading-title{padding:0;margin:0;line-height:1}.elementor-widget-heading .elementor-heading-title[class*=elementor-size-]>a{color:inherit;font-size:inherit;line-height:inherit}.elementor-widget-heading .elementor-heading-title.elementor-size-small{font-size:15px}.elementor-widget-heading .elementor-heading-title.elementor-size-medium{font-size:19px}.elementor-widget-heading .elementor-heading-title.elementor-size-large{font-size:29px}.elementor-widget-heading .elementor-heading-title.elementor-size-xl{font-size:39px}.elementor-widget-heading .elementor-heading-title.elementor-size-xxl{font-size:59px}<\/style><\/p>\n\n\n\n<h2 class=\"wp-block-heading\">&nbsp; &nbsp;Ano 2026<\/h2>\n\n\n\n<ul class=\"wp-block-list\">\n<li>Cossa N, <strong>Machaieie HA<\/strong>, Nataniel A, Maoze D and Lebrato M (2026) <a href=\"https:\/\/doi.org\/10.3389\/fmars.2026.1693205\" data-type=\"link\" data-id=\"https:\/\/doi.org\/10.3389\/fmars.2026.1693205\">Climate-driven ocean warming and productivity may reshape the future of tropical tuna fisheries<\/a>. Front. Mar. Sci. 13:1693205.<\/li>\n\n\n\n<li><strong>Tembe, S.A.,<\/strong> Dantas, D.V., Rodrigues-Filho, J.L.&nbsp;<em>et al.<\/em>(2026)&nbsp;<a href=\"https:\/\/doi.org\/10.1007\/s12237-026-01711-8\">Environmental Drivers of Spatial Distribution of Two Sympatric Blue Crabs (Callinectes danae and C. sapidus), Key Fishery Resources in a Subtropical Brazilian Estuary<\/a>.&nbsp;<em>Estuaries and Coasts<\/em>&nbsp;<strong>49<\/strong>, 94.<\/li>\n\n\n\n<li>Arens, A., Penven, P., Chenillat, F., Pous, S.,&nbsp;<strong>Nehama, F.<\/strong>, &amp; Malauene, B. S. (2026).&nbsp;<a href=\"https:\/\/doi.org\/10.1029\/2026JC024013\">A phenoregion approach to understanding chlorophyll\u2010a seasonal cycles and interannual variability in the South\u2010West Indian Ocean<\/a>. Journal of Geophysical Research: Oceans, 131, e2026JC024013.<\/li>\n<\/ul>\n\n\n\n<h2 class=\"wp-block-heading\">&nbsp; &nbsp;Ano 2025<\/h2>\n\n\n\n<ul class=\"wp-block-list\">\n<li>Vilanculo, O. L. A. C., Bouene, K. M., <strong>Machaieie, H. A.<\/strong> (2025). <a href=\"https:\/\/www.researchgate.net\/publication\/397706190_Classificacao_supervisionada_aprimorada_para_mapeamento_da_floresta_de_mangue_a_partir_de_imagens_de_satelite_Landsat_8\">Classifica\u00e7\u00e3o supervisionada aprimorada para mapeamento da floresta de mangue a partir de imagens de sat\u00e9lite Landsat 8<\/a>. Revista Brasileira de SensoriamentoRemoto, v.6, n.1, p.14-24.<\/li>\n\n\n\n<li>Vilanculo, O. L. A. C., &amp; <strong>Machaieie, H. A.<\/strong> (2025). <a href=\"https:\/\/doi.org\/10.20502\/rbg.v26i4.2677\">Determination of Coastal Erosion Rate from Multitemporal Landsat Data at Barra Beach<\/a>, Southern Mozambique.&nbsp;<em>Revista Brasileira De Geomorfologia<\/em>,&nbsp;<em>26<\/em>(4). <\/li>\n\n\n\n<li>Kobayashi, M., Robert, M., Mafwila, S., and&nbsp;<strong>Nehama, F<\/strong>.:&nbsp;<a href=\"http:\/\/kobayashi,%20m.,%20robert,%20m.,%20mafwila,%20s.,%20and%20nehama,%20f.xn--:%20fisheries%20and%20aquaculture%20development%20and%20marine%20environmental%20dynamics:%20implications%20for%20the%20seafood%20supply%20system%20and%20food%20security%20in%20southern%20africa,%20one%20ocean%20science%20congress%202025,%20nice,%20france,%2036%20jun%202025,%20oos2025-1509,%20https-kz39q\/\/doi.org\/10.5194\/oos2025-1509,%202025.\" target=\"_blank\" rel=\"noreferrer noopener\">Fisheries and Aquaculture Development and Marine Environmental Dynamics: Implications for the Seafood Supply System and Food Security in Southern Africa<\/a>, One Ocean Science Congress 2025, Nice, France, 3\u20136 Jun 2025, OOS2025-1509.<\/li>\n\n\n\n<li><p><strong>Mocuba, J. J.<\/strong>, Costa, E. F., Teod\u00f3sio, M. A., &amp; Leit\u00e3o, F. (2025). <a href=\"https:\/\/doi.org\/10.1016\/j.rsma.2025.104344\">Ichthyofaunal Community Assemblage and Spatiotemporal Patterns in the Bons Sinais Estuary, Mozambique: Ecological Drivers and Conservation Implications<\/a>.&nbsp;<i>Regional Studies in Marine Science<\/i>, 104344.<\/p><\/li>\n\n\n\n<li>Penven, P., Ternon, J. F., Noyon, M., Herbette, S., Cambon, G., Comby, C., Pierre L&#8217;Hegaret, Bernardino S. Malauene, Claire Menesguen, <strong>Fialho Nehama<\/strong>, Gustav Rautenbach, <strong>Yula Rufino<\/strong> &amp; Sudre, F. (2025). <a href=\"https:\/\/doi.org\/10.1029\/2024JC021913\">Characterizing the central structure of a mesoscale eddy\u2010ring dipole in the Mozambique Channel from in situ observations.<\/a> <i>Journal of Geophysical Research: Oceans<\/i>,&nbsp;<i>130<\/i>(3), e2024JC021913.&nbsp;<\/li>\n<\/ul>\n\n\n\n<h2 class=\"wp-block-heading\">&nbsp; &nbsp;Ano 2024<\/h2>\n\n\n\n<ul class=\"wp-block-list\">\n<li><strong>Manuessa, Bonif\u00e1cio Carlitos<\/strong>; Cuinhane, Calmila J. O.; Borges, Teresa Cerveira; Teod\u00f3sio, Maria Alexandra; Leit\u00e3o, Francisco. \u201c<a href=\"http:\/\/dx.doi.%20org\/10.3390\/su16051874\">Socioeconomic Importance of the Small-Scale Mud Crab Fishing (Scylla Serrata, Forskall 1775) in the Bons Sinais Estuary\u2014Mozambique<\/a>\u201c. Sustainability 16 5 (2024): 1874.<\/li>\n\n\n\n<li>Hoguane CAM, Mativane J, da Cruz NL, Machaieie HA (2024). <a href=\"https:\/\/doi.org\/10.3897\/emt.1.121901\">Understanding sedimentary dynamics and bottom sediment characteristics in Bons Sinais Estuary \u2013 Mozambique: Insights from statistical analysis and Pejrup diagram<\/a>. Estuarine Management and Technologies 1(1): 7-18. <\/li>\n<\/ul>\n\n\n\n<h2 class=\"wp-block-heading\">&nbsp; &nbsp;Ano 2023<\/h2>\n\n\n\n<ul class=\"wp-block-list\">\n<li>Yueng-Djern L,&nbsp;<strong>Nehama<\/strong>&nbsp;<strong>FPJ,<\/strong>&nbsp;Mavume A (2023).&nbsp;<a href=\"https:\/\/doi.org\/10.1016\/B978-0-323-90851-1.00018-2\">Introducing the Oceans<\/a>. Cap\u00edtulo publicado no livro \u201cA Journey through Tides\u201d, (Eds.: Mattias Green e J.Duarte) por&nbsp;<em>Elsevier<\/em>.&nbsp;<\/li>\n\n\n\n<li><\/li>\n<\/ul>\n\n\n\n<h2 class=\"wp-block-heading\">&nbsp; &nbsp;Ano 2022<\/h2>\n\n\n\n<ul class=\"wp-block-list\">\n<li><strong>Anildo Naftal Nataniel, Antonio Mubango Hoguane,<\/strong> Tor Gammelsr\u00f8d, Eva Falck, <strong>Inoc\u00eancia Paulo Antonio <\/strong>&amp; Soufiane Haddout (2022)<a href=\"https:\/\/doi.org\/10.1080\/15715124.2022.2114483\"> Nutrient fluxes in the Bons Sinais Estuary (Mozambique) \u2013 sources and sinks<\/a>. International Journal of River Basin Management, DOI: 10.1080\/15715124.2022.2114483<\/li>\n\n\n\n<li>Muhala, V.<strong>,<\/strong> Guimar\u00e3es\u2010Costa, A., Macate, I. E., <strong>Tembe, S., Mula, Y., Tovela, \u00c9<\/strong>., \u2026 &amp; Sampaio, I. (2022). <a href=\"https:\/\/doi.org\/10.1111\/jfb.15237\">First record of mudskipper Boleophthalmus dussumieri (Gobiidae: Oxudercinae) on the coast of Mozambique and evidence of two putative lineages along its known distribution range<\/a>. Journal of Fish Biology.<\/li>\n\n\n\n<li><strong>Nehama, F. P. J., Veriua, Z. D. H.,<\/strong> Maueua, C., Hibbert, A., Calafat, F., &amp; Cotton, P. D. (2022). <a href=\"https:\/\/doi.org\/10.3390\/jmse10111597\">Validating Sea-Level Altimetry Data against Tide Gauge for Coastal Risk Analysis in Mozambique<\/a>. Journal of Marine Science and Engineering, 10(11), 1597.<\/li>\n\n\n\n<li><strong>Langa, A. A., &amp; Machaieie, H. A. <\/strong>(2022). <a href=\"https:\/\/doi.org\/10.24221\/jeap.7.01.2022.3627.001-008\">Reconstru\u00e7\u00e3o da paleoprodutividade e sua rela\u00e7\u00e3o com as contribui\u00e7\u00f5es continentais no estu\u00e1rio de Macuse, Centro de Mo\u00e7ambique<\/a>. Journal of Environmental Analysis and Progress, 7(1), 001-008.<\/li>\n\n\n\n<li><strong>Machaieie, H. A., Nehama, F. P. J.<\/strong>, Silva, C. G., &amp; de Oliveira, E. N. (2022). <a href=\"https:\/\/doi.org\/10.3389\/fmars.2022.897429\">Satellite Assessment of Coastal Plume Variability and its Relation to Environmental Variables in the Sofala Bank<\/a>. Frontiers in Marine Science, 1436.<\/li>\n\n\n\n<li><strong>Nataniel, A.<\/strong>, Lopes, P.F.M., Lopez, J. &amp; Soto, M. (2022) <a href=\"https:\/\/doi.org\/10.1111\/fme.12520\">Socio-ecological and economic aspects of tropical tuna fisheries in the Mozambique Channel<\/a>. Fisheries Management and Ecology, 00, 1\u201316. https:\/\/doi.org\/10.1111\/fme.12520<\/li>\n\n\n\n<li><strong>Nataniel, A.<\/strong>, Pennino, M. G., Lopez, J., &amp; Soto, M. (2022). <a href=\"https:\/\/doi.org\/10.1111\/fog.12568\">Modelling the impacts of climate change on skipjack tuna (Katsuwonus pelamis) in the Mozambique Channel<\/a>. Fisheries Oceanography,1\u201315. https:\/\/doi.org\/10.1111\/fog.12568<\/li>\n\n\n\n<li><\/li>\n<\/ul>\n\n\n\n<h2 class=\"wp-block-heading\">&nbsp; &nbsp;Ano 2021<\/h2>\n\n\n\n<ul class=\"wp-block-list\">\n<li><strong>Hoguane, A.M.<\/strong>, Gammelsr\u00f8d, T., <strong>Furaca, N.B., Cafermane, A.C., Ant\u00f3nio, M.H.P.<\/strong> (2021) <a href=\"http:\/\/dx.doi.org\/10.4314\/wiojms.si2021.1.2\">The residual circulation profile of the Bons Sinais Estuary in central Mozambique &#8211; potential implications for larval dispersal and fisheries<\/a>. WIO Journal of Marine Science Special Issue 1:17-27. doi: http:\/\/dx.doi.org\/10.4314\/wiojms.si2021.1.2<\/li>\n\n\n\n<li><strong>Francisco, R.P., Hoguane, A.M., Simbine, R.L., Mabota, H.S.<\/strong> (2021) <a href=\"http:\/\/dx.doi.org\/10.4314\/wiojms.si2021.1.3\">Household dependence on fish-based farming systems in the Bons Sinais Estuary in Mozambique<\/a>. WIO Journal of Marine Science Special Issue: 29-41. doi: http:\/\/dx.doi.org\/10.4314\/wiojms.si2021.1.3<\/li>\n\n\n\n<li><strong>Furaca, N.B, Hoguane, A.M.<\/strong>, Mackay, F., Willemse, M., <strong>Langa. A.A.<\/strong> (2021)<a href=\"http:\/\/dx.doi.org\/10.4314\/wiojms.si2021.1.4\"> Exploring urbanization and critical habitat loss through land cover change around the Bons Sinais Estuary, Mozambique<\/a>. WIO Journal of Marine Science Special Issue 1: 43-58. http:\/\/dx.doi.org\/10.4314\/wiojms.si2021.1.4<\/li>\n\n\n\n<li>Groeneveld, J.C., <strong>Hoguane, A.M.<\/strong>, Kuguru, B., MacKay, F., Munga, C., Santos, J. (2021). <a href=\"http:\/\/dx.doi.org\/10.4314\/wiojms.si2021.1.1\" data-type=\"link\" data-id=\"http:\/\/dx.doi.org\/10.4314\/wiojms.si2021.1.1\">Estuarize-WIO: A socio-ecological assessment of small-scale fisheries in estuaries of the Western Indian Ocean<\/a>. WIO Journal of Marine Science Special Issue 1: 1-15. http:\/\/dx.doi.org\/10.4314\/wiojms.si2021.1.1<\/li>\n\n\n\n<li>Nataniel, A., Lopez, J., Soto, M.(2021). <a href=\"https:\/\/doi.org\/10.1016\/j.fishres.2021.106073\">Modelling seasonal environmental preferences of tropical tuna purse seine fisheries in the Mozambique Channel<\/a>, Fisheries Research (243) https:\/\/doi.org\/10.1016\/j.fishres.2021.106073<\/li>\n\n\n\n<li><strong>Mugabe, E.D., Madeira, A., Mabota, H.S<\/strong>., <strong>Nataniel, A. N.,<\/strong> Santos, Jorge, J. Groeneveld, C. (2021) <a href=\"http:\/\/dx.doi.org\/10.4314\/wiojms.si2021.1.5\">Small-scale fisheries of the Bons Sinais Estuary in Mozambique with emphasis on utilization of beach seine and chicocota nets<\/a>. WIO Journal of Marine Science Special Issue 1 \/ 2021 59-74. http:\/\/dx.doi.org\/10.4314\/wiojms.si2021.1.5<\/li>\n\n\n\n<li><strong>Nhatasve,G.V., Machaieie,H<\/strong>. (2021). <a href=\"http:\/\/dx.doi.org\/10.20502\/rbg.v22i3.1765\">An\u00e1lise comparativa da distribui\u00e7\u00e3o dos sedimentos em duas praias da prov\u00edncia da Zamb\u00e9zia, Mo\u00e7ambique<\/a>. Revista Brasileira de Geomorfologia v. 22, n\u00ba 3 (2021) http:\/\/dx.doi.org\/10.20502\/rbg.v22i3.1765<\/li>\n\n\n\n<li><strong>Sitoe, N. D. N. O<\/strong>.,<strong> Langa, A. A.,<\/strong> Pinho, J. L., &amp; Vieira, L. V. (2021).&nbsp;<a href=\"http:\/\/dx.doi.org\/10.5894\/rh42n1-cti8\">Din\u00e2mica da pluma de sedimentos oriundos de atividades de dragagens no estu\u00e1rio da Beira-Mo\u00e7ambique<\/a>.&nbsp;<em>Revista Recursos H\u00eddricos, Vol. 42, N\u00ba 1, 71-79, mar\u00e7o de 2021.<\/em><\/li>\n\n\n\n<li><\/li>\n<\/ul>\n\n\n\n<h2 class=\"wp-block-heading\">&nbsp; &nbsp;Ano 2020<\/h2>\n\n\n\n<ul class=\"wp-block-list\">\n<li><strong>PAULO, M. H<\/strong>; Muelbert, J. H; Fernandes, R. H. L. (2020). <a href=\"https:\/\/doi.org\/10.5194\/bg-2020-281\" data-type=\"link\" data-id=\"https:\/\/doi.org\/10.5194\/bg-2020-281\">Human-induced influence on eggs and larval fish transport in a subtropical estuary<\/a>. Biogeosciences Discussion. DOI: https:\/\/doi.org\/10.5194\/bg-2020-281.<\/li>\n\n\n\n<li><strong>Machaieie, H. A<\/strong>; Silva, C. G, de Oliveira, E. N; <strong>Tamele, H. J<\/strong>; Almeida, H. A. (2020). <a href=\"https:\/\/doi.org\/10.4236\/gep.2020.87001\" data-type=\"link\" data-id=\"https:\/\/doi.org\/10.4236\/gep.2020.87001\">Variability and Trends of Precipitation in Quelimane, Central Mozambique, and Their Relation to El Ni\u00f1o Southern Oscillation<\/a>. Journal of Geoscience and Environment Protection 08(07):1-16; DOI: 10.4236\/gep.2020.87001<\/li>\n\n\n\n<li><strong>Hoguane, A. M<\/strong>; Gammelsr\u00f8d, T; Mazzilli, S; <strong>PAULO, M. H<\/strong>; <strong>Silva, N. B. F.<\/strong> (2020). <a href=\"https:\/\/doi.org\/10.1016\/j.rsma.2020.101352\" data-type=\"link\" data-id=\"https:\/\/doi.org\/10.1016\/j.rsma.2020.101352\">The hydrodynamics of the Bons Sinais Estuary: The value of simple hydrodynamic tidal models in understanding circulation in estuaries of central Mozambique<\/a>. Regional Studies in Marine Science. DOI: 10.1016\/j.rsma.2020.101352.<\/li>\n\n\n\n<li>Costa, F. S;<strong> Mocuba, J<\/strong>; Oliveira. D; Teod\u00f3sio; Leit\u00e3o, F. (2020). <a href=\"https:\/\/doi.org\/10.1016\/j.rsma.2020.101438\" data-type=\"link\" data-id=\"https:\/\/doi.org\/10.1016\/j.rsma.2020.101438\">Biological aspects of fish species from subsistence fisheries in \u201cBons Sinais\u201d estuary, Mozambique<\/a>. Regional Studies in Marine Science. DOI:https:\/\/doi.org\/10.1016\/j.rsma.2020.101438 <\/li>\n\n\n\n<li><strong>Ant\u00f3nio, M.H<\/strong>, Fernandes, E., Muelbert, L., (2020) <a href=\"https:\/\/doi.org\/10.3390\/w12113197\">Impact of jetties configuration changes on the hydrodynamics of the subtropical Patos Lagoon Estuary, Brazi<\/a>. Doi:10.3390\/w12113197<\/li>\n\n\n\n<li>Carvalho, S., Oliveira, J., Pedersen, F., <strong>Manhice, H<\/strong>. (2020) <a href=\"https:\/\/doi.org\/10.1016\/j.gloplacha.2020.103328\" data-type=\"link\" data-id=\"https:\/\/doi.org\/10.1016\/j.gloplacha.2020.103328\">A changing Amazon rainforest: Historical trends and future projections under post-Paris climate scenarios<\/a>, Global and Planetary Change https:\/\/doi.org\/10.1016\/j.gloplacha.2020.103328<\/li>\n\n\n\n<li>Pedersen, J., <strong>Manhice, H.<\/strong>, (2020) <a href=\"https:\/\/doi.org\/10.1016\/j.jclepro.2019.03.281\" data-type=\"link\" data-id=\"https:\/\/doi.org\/10.1016\/j.jclepro.2019.03.281\">The hidden dynamics of household waste separation: An anthropological analysis of user commitment, barriers, and the gaps between a waste system and its users<\/a>. Journal of Cleaner Production, https:\/\/doi.org\/10.1016\/j.jclepro.2019.03.281<\/li>\n\n\n\n<li><strong>Antonio, M. H<\/strong>; Muelbert, J. H; Fernandes, R. H. L. (2020). <a href=\"https:\/\/doi.org\/10.5194\/bg-2020-281\" data-type=\"link\" data-id=\"https:\/\/doi.org\/10.5194\/bg-2020-281\">Human-induced influence on eggs and larval fish transport in a subtropical estuary<\/a>. Biogeosciences Discussion. DOI: https:\/\/doi.org\/10.5194\/bg-2020-281.<\/li>\n\n\n\n<li>Costa, F. S; <strong>Mocuba, J;<\/strong> Oliveira. D; Teod\u00f3sio; Leit\u00e3o, F. (2020). Biological aspects of fish species from subsistence fisheries in \u201cBons Sinais\u201d estuary, Mozambique. Regional Studies in Marine Science. DOI:https:\/\/doi.org\/10.1016\/j.rsma.2020.101438<\/li>\n<\/ul>\n\n\n\n<h2 class=\"wp-block-heading\">&nbsp; &nbsp;Ano 2018<\/h2>\n\n\n\n<ul class=\"wp-block-list\">\n<li>Miguel LLAJ,&nbsp;<strong>Nehama FPJ,<\/strong>&nbsp;Castro JWA (2018).&nbsp;<a href=\"https:\/\/doi.org\/10.1016\/j.ecss.2017.12.013\">Lagoon-barrier system response to recent climate conditions and sea level rise, Mozambique, Africa<\/a>.&nbsp;<em>Estuarine, Coastal and Shelf Science<\/em>.&nbsp;<\/li>\n\n\n\n<li><strong>Manuessa, Bonif\u00e1cio Carlitos<\/strong>; Morais, Eurico, Borges, Teresa Cerveira, Teod\u00f3sio, Maria Alexandra, Leit\u00e3o, Francisco. \u201c<a href=\"https:\/\/doi.org\/10.3390\/j1010012\">First Assessment of the Thryssa vitrirostris (Engraulidae) Beach Seine Fishery in Northeastern Mozambique<\/a>\u201c. Multidisciplinary Scientific Journal 2018 1 (2018): 116-132.<\/li>\n\n\n\n<li><\/li>\n<\/ul>\n\n\n\n<h2 class=\"wp-block-heading\">&nbsp; &nbsp;Ano 2017<\/h2>\n\n\n\n<ul class=\"wp-block-list\">\n<li><strong>Miguel LLJA<\/strong>, Castro JWA,&nbsp;<strong>Nehama FPJ<\/strong>&nbsp;(2017).&nbsp;<a href=\"https:\/\/doi.org\/10.1016\/j.rsma.2017.07.002\">Tidal impact on suspended sediments in the Macuse estuary in Mozambique<\/a>.&nbsp;<em>Regional Studies in Marine Science<\/em>, Volume 16, Pages 1-14, ISSN 2352-4855.<\/li>\n\n\n\n<li><strong>Miguel LLJ,<\/strong>&nbsp;<strong>Nehama FPJ,<\/strong>&nbsp;Castro JWA (2017).&nbsp;<a href=\"http:\/\/dx.doi.org\/10.20502\/rbg.v18i1.830\">A mec\u00e2nica do transporte de sedimentos em suspens\u00e3o no estu\u00e1rio do Rio Macuse, Mo\u00e7ambique, Africa Oriental<\/a>.&nbsp;<em>Revista Brasileira de Geomorfologia<\/em>&nbsp;(online), 18(1):107-123.&nbsp;<\/li>\n\n\n\n<li><\/li>\n<\/ul>\n\n\n\n<h2 class=\"wp-block-heading\">&nbsp; &nbsp;Ano 2016<\/h2>\n\n\n\n<ul class=\"wp-block-list\">\n<li>Chevane CM, Penven P,&nbsp;<strong>Nehama FPJ<\/strong>, Reason CJC (2016).&nbsp;<a href=\"http:\/\/dx.doi.org\/10.2989\/1814232X.2016.1236039\">Modelling the tides and their impacts on the vertical stratification over the Sofala Bank, Mozambique<\/a>.&nbsp;<em>African Journal of Marine Science.<\/em><\/li>\n\n\n\n<li><strong>Nehama FPJ<\/strong>; Matavel, et al. (2016).&nbsp;<a href=\"https:\/\/doi.org\/10.1007\/978-3-319-24660-4_21\">Building Community Resilience and Strengthening Local Capacities for Disaster Risk Reduction and Climate Change Adaptation in Zongoene (Xai-Xai District), Gaza Province<\/a>. in \u201cClimate Change and Health: improving resilience and reducing risks\u201d Edited by Walter Leal Filho, Ulisses Azeiteiro, F\u00e1tima Alves<\/li>\n\n\n\n<li><\/li>\n<\/ul>\n\n\n\n<h2 class=\"wp-block-heading\">&nbsp; &nbsp;Ano 2015<\/h2>\n\n\n\n<ul class=\"wp-block-list\">\n<li><strong>Nehama FPJ<\/strong>&nbsp;and CJC Reason (2015).&nbsp;<a href=\"https:\/\/doi.org\/10.2989\/1814232X.2015.1113202\">Modelling the Zambezi River plume<\/a>.&nbsp;<em>African Journal of Marine Science<\/em>, 37:4, 593-604.<\/li>\n\n\n\n<li><strong>Nehama FPJ<\/strong>, Lemos MA, Machaieie HA, (2015).&nbsp;<a href=\"http:\/\/http\/\/dx.doi.org\/10.5894\/rgci560\">Water mass characteristics in the region under influence of the Zambezi River discharges, at Sofala Bank<\/a>.&nbsp;<em>Journal of Integrated Coastal Zone Management<\/em>&nbsp;15(4):523-532.<\/li>\n\n\n\n<li><\/li>\n<\/ul>\n\n\n\n<h2 class=\"wp-block-heading\">&nbsp; &nbsp;Ano 2014<\/h2>\n\n\n\n<ul class=\"wp-block-list\">\n<li><strong>Nehama FPJ<\/strong>&nbsp;and Reason CJC (2014).&nbsp;<a href=\"https:\/\/www.ajol.info\/index.php\/wiojms\/article\/view\/78388\">Morphology of the Zambezi River plume in the Sofala Bank<\/a>.&nbsp;<em>WIO Journal of Marine Science<\/em>&nbsp;13(1):1-10<\/li>\n\n\n\n<li><\/li>\n<\/ul>\n\n\n\n<h2 class=\"wp-block-heading\">&nbsp; &nbsp;Ano 2011<\/h2>\n\n\n\n<ul class=\"wp-block-list\">\n<li><strong>Hoguane A.M.<\/strong>, Clare L. Green, David George Bowers &amp; Sonia Nordez (2011): A note on using a digital camera to measure suspended sediment load in Maputo Bay, Mozambique,&nbsp;<em>Remote Sensing Letters<\/em>, 3:3, 259-266.<\/li>\n\n\n\n<li><strong>Hoguane, A.M.<\/strong>&nbsp;(2010). Marine Sciences and Development Challenges in Mozambique. P<em>roceedings of the Joint Nansen-Tutu Scientific Opening Symposium &amp; OceansAfrica Meeting<\/em>, Nansen-Tutu Centre&nbsp; for Marine Environmental Research, Cape Town, South Africa, July 2011.<\/li>\n\n\n\n<li><\/li>\n<\/ul>\n\n\n\n<h2 class=\"wp-block-heading\">&nbsp; &nbsp;Ano 2010<\/h2>\n\n\n\n<ul class=\"wp-block-list\">\n<li>Lencart e Silva, J.D., J.H. Simpson,&nbsp;<strong>A. Hoguane<\/strong>, J-L. Harcourt-Baldwin. 2010. Buoyancy-stirring interactions in a subtropical embayment: a synthesis of measurements and model simulations in Maputo Bay, Mozambique. African Journal of Marine Science, 32(1): 95\u2013107<\/li>\n\n\n\n<li><\/li>\n<\/ul>\n\n\n\n<h2 class=\"wp-block-heading\">&nbsp; &nbsp;Ano 2007<\/h2>\n\n\n\n<ul class=\"wp-block-list\">\n<li><strong>Hoguane, A.M<\/strong>. 2007. Perfil Diagn\u00f3stico da Zona Costeira de Mo\u00e7ambique (Diagnosis of Mozambique Costal Zone). Revista de Gest\u00e3o Costeira Integrada 7(1):69-82.&nbsp;<a href=\"http:\/\/www.aprh.pt\/rgci\">www.aprh.pt\/rgci<\/a>&nbsp;e&nbsp;<a href=\"http:\/\/www.gci.inf.br\/\">www.gci.inf.br<\/a><\/li>\n\n\n\n<li>Ehrlich Desa, Joannes Berque, Mika Odido, Stefano Mazzilli, Geoff Holland,&nbsp;<strong>Antonio Hoguane<\/strong>, Venu Ittekkot, Shailesh Nayak, Ayobami Salami, Obafemi Awolowo and Paco Ocampo Torres. 2007. The business of capacity \u2013 development. SOCIETAL BENEFIT AREAS \u2013 ECOSYSTEMS.&nbsp; Pp 142-145.<\/li>\n\n\n\n<li><strong>Hoguane, A.M.<\/strong>; Veronica Dove, Evaristo Baquete, Rhoda Nuvunga-Luis, Dalica Ibraimo, Rafael Rafel, Boaventura Cuamba e Alberto J. Tsamba. 2007. Manual de Gestao Integrada da Zona Costeira. Direccao Nacional de Gestao Ambiental. Imprensa Universitaria, pp120<\/li>\n\n\n\n<li><\/li>\n<\/ul>\n\n\n\n<h2 class=\"wp-block-heading\">&nbsp; &nbsp;Ano 2006<\/h2>\n\n\n\n<ul class=\"wp-block-list\">\n<li>Asplin, L;&nbsp; Morten D. Skogen; W. Paul Budgell; Veronica Dove; Emidio Andre; Tor Gammelsr\u00f8d and&nbsp;<strong>Antonio Mubango Hoguane<\/strong>. 2006. Numerical modelling of currents and hydrography f the Mozambique Channel.&nbsp;Rev. Inv. Pesq,&nbsp; 25<\/li>\n\n\n\n<li><\/li>\n<\/ul>\n\n\n\n<p><\/p>\n","protected":false},"excerpt":{"rendered":"<p>&nbsp; &nbsp;Ano 2026 &nbsp; &nbsp;Ano 2025 &nbsp; &nbsp;Ano 2024 &nbsp; &nbsp;Ano 2023 &nbsp; &nbsp;Ano 2022 &nbsp; &nbsp;Ano 2021 &nbsp; &nbsp;Ano [&hellip;]<\/p>\n","protected":false},"author":1,"featured_media":0,"parent":0,"menu_order":0,"comment_status":"closed","ping_status":"closed","template":"elementor_header_footer","meta":{"site-sidebar-layout":"no-sidebar","site-content-layout":"","ast-site-content-layout":"full-width-container","site-content-style":"default","site-sidebar-style":"default","ast-global-header-display":"","ast-banner-title-visibility":"","ast-main-header-display":"","ast-hfb-above-header-display":"","ast-hfb-below-header-display":"","ast-hfb-mobile-header-display":"","site-post-title":"disabled","ast-breadcrumbs-content":"","ast-featured-img":"disabled","footer-sml-layout":"","theme-transparent-header-meta":"","adv-header-id-meta":"","stick-header-meta":"","header-above-stick-meta":"","header-main-stick-meta":"","header-below-stick-meta":"","astra-migrate-meta-layouts":"default","ast-page-background-enabled":"default","ast-page-background-meta":{"desktop":{"background-color":"var(--ast-global-color-4)","background-image":"","background-repeat":"repeat","background-position":"center center","background-size":"auto","background-attachment":"scroll","background-type":"","background-media":"","overlay-type":"","overlay-color":"","overlay-opacity":"","overlay-gradient":""},"tablet":{"background-color":"","background-image":"","background-repeat":"repeat","background-position":"center center","background-size":"auto","background-attachment":"scroll","background-type":"","background-media":"","overlay-type":"","overlay-color":"","overlay-opacity":"","overlay-gradient":""},"mobile":{"background-color":"","background-image":"","background-repeat":"repeat","background-position":"center center","background-size":"auto","background-attachment":"scroll","background-type":"","background-media":"","overlay-type":"","overlay-color":"","overlay-opacity":"","overlay-gradient":""}},"ast-content-background-meta":{"desktop":{"background-color":"var(--ast-global-color-5)","background-image":"","background-repeat":"repeat","background-position":"center center","background-size":"auto","background-attachment":"scroll","background-type":"","background-media":"","overlay-type":"","overlay-color":"","overlay-opacity":"","overlay-gradient":""},"tablet":{"background-color":"var(--ast-global-color-5)","background-image":"","background-repeat":"repeat","background-position":"center center","background-size":"auto","background-attachment":"scroll","background-type":"","background-media":"","overlay-type":"","overlay-color":"","overlay-opacity":"","overlay-gradient":""},"mobile":{"background-color":"var(--ast-global-color-5)","background-image":"","background-repeat":"repeat","background-position":"center center","background-size":"auto","background-attachment":"scroll","background-type":"","background-media":"","overlay-type":"","overlay-color":"","overlay-opacity":"","overlay-gradient":""}},"footnotes":""},"class_list":["post-619","page","type-page","status-publish","hentry"],"_links":{"self":[{"href":"https:\/\/www.marine.uem.mz\/index.php\/wp-json\/wp\/v2\/pages\/619","targetHints":{"allow":["GET"]}}],"collection":[{"href":"https:\/\/www.marine.uem.mz\/index.php\/wp-json\/wp\/v2\/pages"}],"about":[{"href":"https:\/\/www.marine.uem.mz\/index.php\/wp-json\/wp\/v2\/types\/page"}],"author":[{"embeddable":true,"href":"https:\/\/www.marine.uem.mz\/index.php\/wp-json\/wp\/v2\/users\/1"}],"replies":[{"embeddable":true,"href":"https:\/\/www.marine.uem.mz\/index.php\/wp-json\/wp\/v2\/comments?post=619"}],"version-history":[{"count":27,"href":"https:\/\/www.marine.uem.mz\/index.php\/wp-json\/wp\/v2\/pages\/619\/revisions"}],"predecessor-version":[{"id":1557,"href":"https:\/\/www.marine.uem.mz\/index.php\/wp-json\/wp\/v2\/pages\/619\/revisions\/1557"}],"wp:attachment":[{"href":"https:\/\/www.marine.uem.mz\/index.php\/wp-json\/wp\/v2\/media?parent=619"}],"curies":[{"name":"wp","href":"https:\/\/api.w.org\/{rel}","templated":true}]}}